{"id":3,"date":"2023-09-13T12:41:45","date_gmt":"2023-09-13T12:41:45","guid":{"rendered":"https:\/\/volcano.com.br\/?page_id=3"},"modified":"2023-09-29T17:26:03","modified_gmt":"2023-09-29T17:26:03","slug":"privacy-policy","status":"publish","type":"page","link":"https:\/\/volcano.com.br\/index.php\/privacy-policy\/","title":{"rendered":"Pol\u00edtica de Privacidade"},"content":{"rendered":"\t\t<div data-elementor-type=\"wp-page\" data-elementor-id=\"3\" class=\"elementor elementor-3\" data-elementor-post-type=\"page\">\n\t\t\t\t\t\t<section class=\"elementor-section elementor-top-section elementor-element elementor-element-11deb966 elementor-section-boxed elementor-section-height-default elementor-section-height-default\" data-id=\"11deb966\" data-element_type=\"section\">\n\t\t\t\t\t\t<div class=\"elementor-container elementor-column-gap-default\">\n\t\t\t\t\t<div class=\"elementor-column elementor-col-100 elementor-top-column elementor-element elementor-element-55581633\" data-id=\"55581633\" data-element_type=\"column\">\n\t\t\t<div class=\"elementor-widget-wrap\">\n\t\t\t\t\t\t\t<\/div>\n\t\t<\/div>\n\t\t\t\t\t<\/div>\n\t\t<\/section>\n\t\t\t\t<section class=\"elementor-section elementor-top-section elementor-element elementor-element-96544fa elementor-section-boxed elementor-section-height-default elementor-section-height-default\" data-id=\"96544fa\" data-element_type=\"section\">\n\t\t\t\t\t\t<div class=\"elementor-container elementor-column-gap-default\">\n\t\t\t\t\t<div class=\"elementor-column elementor-col-100 elementor-top-column elementor-element elementor-element-68da508\" data-id=\"68da508\" data-element_type=\"column\">\n\t\t\t<div class=\"elementor-widget-wrap elementor-element-populated\">\n\t\t\t\t\t\t<section class=\"elementor-section elementor-inner-section elementor-element elementor-element-09d5731 elementor-section-boxed elementor-section-height-default elementor-section-height-default\" data-id=\"09d5731\" data-element_type=\"section\">\n\t\t\t\t\t\t<div class=\"elementor-container elementor-column-gap-default\">\n\t\t\t\t\t<div class=\"elementor-column elementor-col-100 elementor-inner-column elementor-element elementor-element-885036d\" data-id=\"885036d\" data-element_type=\"column\">\n\t\t\t<div class=\"elementor-widget-wrap elementor-element-populated\">\n\t\t\t\t\t\t<div class=\"elementor-element elementor-element-a8fa2bf elementor-widget elementor-widget-text-editor\" data-id=\"a8fa2bf\" data-element_type=\"widget\" data-widget_type=\"text-editor.default\">\n\t\t\t\t<div class=\"elementor-widget-container\">\n\t\t\t\t\t\t\t\t\t<p><\/p>\n<p>A Volcano assume o compromisso referente a privacidade e a seguran\u00e7a de seus clientes durante todo o processo de navega\u00e7\u00e3o pelo site.<\/p>\n<p> <\/p>\n<p><strong>Voc\u00ea sabe o que \u00e9 a LGPD?<\/strong><br \/>A Lei Geral de Prote\u00e7\u00e3o de Dados (Lei n\u00ba 13.709\/2018), visa protocolar o tratamento de dados pessoais de clientes e usu\u00e1rios por parte de empresas que atuam no segmento p\u00fablico e privado.<\/p>\n<p> <\/p>\n<p><strong>Voc\u00ea sabe o que s\u00e3o cookies?<\/strong><br \/>Se referem a pequenos arquivos de texto (cookies) enviados para seu navegador, contendo registros sobre seu comportamento ao acessar um site. Utilizamos cookies para reconhecer o seu navegador ou dispositivo, aprender mais sobre seus interesses referente aos produtos catalogados em nossa plataforma,<\/p>\n<p> <\/p>\n<p><strong>Cookies Prim\u00e1rios<\/strong><br \/>Utilizamos cookies prim\u00e1rios, este tipo de cookie\u00a0 \u00e9 emitido pelo dom\u00ednio\u00a0volcano.com.br s\u00e3o geralmente utilizados para identificar prefer\u00eancias de idioma e local ou facilitar a funcionalidade b\u00e1sica do site.<\/p>\n<p> <\/p>\n<p><strong>Cookies da Sess\u00e3o<\/strong><br \/>Cookies da sess\u00e3o s\u00e3o cookies que ficam ativos de forma tempor\u00e1ria e s\u00e3o utilizados apenas para lembrar de voc\u00ea durante o curso da sua visita em nosso site, este tipo de cookie perde a validade quando voc\u00ea fecha o navegador.<\/p>\n<p> <\/p>\n<p><strong>Cookies Persistentes<\/strong><br \/>Cookies persistentes s\u00e3o utilizados para lembrar suas prefer\u00eancias do site e permanecem no seu desktop ou dispositivo m\u00f3vel mesmo ap\u00f3s voc\u00ea fechar o seu navegador, ou efetuar uma reinicializa\u00e7\u00e3o. Estes cookies s\u00e3o utilizados para fazer uma an\u00e1lise do comportamento do usu\u00e1rio e estabelecer padr\u00f5es, de modo que possamos melhorar a funcionalidade do site para voc\u00ea e outros que visitam o site.<\/p>\n<p> <\/p>\n<p><strong>Como os Cookies de terceiros s\u00e3o usados?<\/strong><br \/>Para algumas das fun\u00e7\u00f5es dentro do nosso site usamos fornecedores terceirizados, por exemplo, quando voc\u00ea visita uma p\u00e1gina com um v\u00eddeo incorporado ou proveniente do YouTube. Estes v\u00eddeos ou links (e qualquer outro conte\u00fado de fornecedores terceirizados) podem conter cookies de terceiros, e n\u00f3s recomendamos consultar as pol\u00edticas de privacidade destes terceiros no seu site para informa\u00e7\u00f5es relativas \u00e0 sua utiliza\u00e7\u00e3o de cookies.<\/p>\n<p> <\/p>\n<p><strong>Como usamos os dados pessoais que coletamos<\/strong><br \/>O Usu\u00e1rio est\u00e1 ciente de que fornece informa\u00e7\u00e3o de forma consciente e volunt\u00e1ria. Quando o Usu\u00e1rio realiza o cadastro, os Dados Pessoais solicitados ser\u00e3o mantidos em sigilo e ser\u00e3o utilizados apenas para o prop\u00f3sito de envio do produto at\u00e9 a casa do cliente.<\/p>\n<p> <\/p>\n<p>O site da Volcano utiliza cookies e informa\u00e7\u00f5es de sua navega\u00e7\u00e3o (sess\u00e3o do browser) para tra\u00e7ar um perfil do p\u00fablico que visita o site e aperfei\u00e7oar sempre nossos servi\u00e7os, produtos, conte\u00fados e garantir as melhores ofertas e promo\u00e7\u00f5es para voc\u00ea. Durante este processo mantemos suas informa\u00e7\u00f5es em sigilo absoluto. Vale lembrar que seus dados s\u00e3o registrados pelo site\u00a0Volcano de forma automatizada, dispensando manipula\u00e7\u00e3o humana.<\/p>\n<p> <\/p>\n<p>\u00a0<\/p>\n<p><\/p>\t\t\t\t\t\t\t\t<\/div>\n\t\t\t\t<\/div>\n\t\t\t\t\t<\/div>\n\t\t<\/div>\n\t\t\t\t\t<\/div>\n\t\t<\/section>\n\t\t\t\t\t<\/div>\n\t\t<\/div>\n\t\t\t\t\t<\/div>\n\t\t<\/section>\n\t\t\t\t<\/div>\n\t\t","protected":false},"excerpt":{"rendered":"<p>A Volcano assume o compromisso referente a privacidade e a seguran\u00e7a de seus clientes durante todo o processo de navega\u00e7\u00e3o pelo site. Voc\u00ea sabe o que \u00e9 a LGPD?A Lei Geral de Prote\u00e7\u00e3o de Dados (Lei n\u00ba 13.709\/2018), visa protocolar o tratamento de dados pessoais de clientes e usu\u00e1rios por parte de empresas que atuam [&hellip;]<\/p>\n","protected":false},"author":1,"featured_media":0,"parent":0,"menu_order":0,"comment_status":"closed","ping_status":"open","template":"","meta":{"footnotes":""},"class_list":["post-3","page","type-page","status-publish","hentry"],"yoast_head":"<!-- This site is optimized with the Yoast SEO plugin v25.4 - https:\/\/yoast.com\/wordpress\/plugins\/seo\/ -->\n<title>Pol\u00edtica de Privacidade - Volcano: Consultoria Empresarial em Intelig\u00eancia Artificial<\/title>\n<meta name=\"robots\" content=\"index, follow, max-snippet:-1, max-image-preview:large, max-video-preview:-1\" \/>\n<link rel=\"canonical\" href=\"https:\/\/volcano.com.br\/index.php\/privacy-policy\/\" \/>\n<meta property=\"og:locale\" content=\"pt_BR\" \/>\n<meta property=\"og:type\" content=\"article\" \/>\n<meta property=\"og:title\" content=\"Pol\u00edtica de Privacidade - Volcano: Consultoria Empresarial em Intelig\u00eancia Artificial\" \/>\n<meta property=\"og:description\" content=\"A Volcano assume o compromisso referente a privacidade e a seguran\u00e7a de seus clientes durante todo o processo de navega\u00e7\u00e3o pelo site. Voc\u00ea sabe o que \u00e9 a LGPD?A Lei Geral de Prote\u00e7\u00e3o de Dados (Lei n\u00ba 13.709\/2018), visa protocolar o tratamento de dados pessoais de clientes e usu\u00e1rios por parte de empresas que atuam [&hellip;]\" \/>\n<meta property=\"og:url\" content=\"https:\/\/volcano.com.br\/index.php\/privacy-policy\/\" \/>\n<meta property=\"og:site_name\" content=\"Volcano: Consultoria Empresarial em Intelig\u00eancia Artificial\" \/>\n<meta property=\"article:modified_time\" content=\"2023-09-29T17:26:03+00:00\" \/>\n<meta name=\"twitter:card\" content=\"summary_large_image\" \/>\n<meta name=\"twitter:label1\" content=\"Est. tempo de leitura\" \/>\n\t<meta name=\"twitter:data1\" content=\"2 minutos\" \/>\n<script type=\"application\/ld+json\" class=\"yoast-schema-graph\">{\"@context\":\"https:\/\/schema.org\",\"@graph\":[{\"@type\":\"WebPage\",\"@id\":\"https:\/\/volcano.com.br\/index.php\/privacy-policy\/\",\"url\":\"https:\/\/volcano.com.br\/index.php\/privacy-policy\/\",\"name\":\"Pol\u00edtica de Privacidade - Volcano: Consultoria Empresarial em Intelig\u00eancia Artificial\",\"isPartOf\":{\"@id\":\"https:\/\/volcano.com.br\/#website\"},\"datePublished\":\"2023-09-13T12:41:45+00:00\",\"dateModified\":\"2023-09-29T17:26:03+00:00\",\"breadcrumb\":{\"@id\":\"https:\/\/volcano.com.br\/index.php\/privacy-policy\/#breadcrumb\"},\"inLanguage\":\"pt-BR\",\"potentialAction\":[{\"@type\":\"ReadAction\",\"target\":[\"https:\/\/volcano.com.br\/index.php\/privacy-policy\/\"]}]},{\"@type\":\"BreadcrumbList\",\"@id\":\"https:\/\/volcano.com.br\/index.php\/privacy-policy\/#breadcrumb\",\"itemListElement\":[{\"@type\":\"ListItem\",\"position\":1,\"name\":\"Home\",\"item\":\"https:\/\/volcano.com.br\/\"},{\"@type\":\"ListItem\",\"position\":2,\"name\":\"Pol\u00edtica de Privacidade\"}]},{\"@type\":\"WebSite\",\"@id\":\"https:\/\/volcano.com.br\/#website\",\"url\":\"https:\/\/volcano.com.br\/\",\"name\":\"Volcano: Consultoria Empresarial em Intelig\u00eancia Artificial\",\"description\":\"Descubra como nossa consultoria em intelig\u00eancia artificial pode transformar sua empresa. Aumente a efici\u00eancia, otimize processos e impulsione seus resultados.\",\"publisher\":{\"@id\":\"https:\/\/volcano.com.br\/#organization\"},\"potentialAction\":[{\"@type\":\"SearchAction\",\"target\":{\"@type\":\"EntryPoint\",\"urlTemplate\":\"https:\/\/volcano.com.br\/?s={search_term_string}\"},\"query-input\":{\"@type\":\"PropertyValueSpecification\",\"valueRequired\":true,\"valueName\":\"search_term_string\"}}],\"inLanguage\":\"pt-BR\"},{\"@type\":\"Organization\",\"@id\":\"https:\/\/volcano.com.br\/#organization\",\"name\":\"Volcano: Consultoria Empresarial em Intelig\u00eancia Artificial\",\"url\":\"https:\/\/volcano.com.br\/\",\"logo\":{\"@type\":\"ImageObject\",\"inLanguage\":\"pt-BR\",\"@id\":\"https:\/\/volcano.com.br\/#\/schema\/logo\/image\/\",\"url\":\"https:\/\/volcano.com.br\/wp-content\/uploads\/2025\/04\/volcano-servicos-ia.png\",\"contentUrl\":\"https:\/\/volcano.com.br\/wp-content\/uploads\/2025\/04\/volcano-servicos-ia.png\",\"width\":524,\"height\":70,\"caption\":\"Volcano: Consultoria Empresarial em Intelig\u00eancia Artificial\"},\"image\":{\"@id\":\"https:\/\/volcano.com.br\/#\/schema\/logo\/image\/\"},\"sameAs\":[\"https:\/\/www.linkedin.com\/company\/volcano-inc.\"]}]}<\/script>\n<!-- \/ Yoast SEO plugin. -->","yoast_head_json":{"title":"Pol\u00edtica de Privacidade - Volcano: Consultoria Empresarial em Intelig\u00eancia Artificial","robots":{"index":"index","follow":"follow","max-snippet":"max-snippet:-1","max-image-preview":"max-image-preview:large","max-video-preview":"max-video-preview:-1"},"canonical":"https:\/\/volcano.com.br\/index.php\/privacy-policy\/","og_locale":"pt_BR","og_type":"article","og_title":"Pol\u00edtica de Privacidade - Volcano: Consultoria Empresarial em Intelig\u00eancia Artificial","og_description":"A Volcano assume o compromisso referente a privacidade e a seguran\u00e7a de seus clientes durante todo o processo de navega\u00e7\u00e3o pelo site. Voc\u00ea sabe o que \u00e9 a LGPD?A Lei Geral de Prote\u00e7\u00e3o de Dados (Lei n\u00ba 13.709\/2018), visa protocolar o tratamento de dados pessoais de clientes e usu\u00e1rios por parte de empresas que atuam [&hellip;]","og_url":"https:\/\/volcano.com.br\/index.php\/privacy-policy\/","og_site_name":"Volcano: Consultoria Empresarial em Intelig\u00eancia Artificial","article_modified_time":"2023-09-29T17:26:03+00:00","twitter_card":"summary_large_image","twitter_misc":{"Est. tempo de leitura":"2 minutos"},"schema":{"@context":"https:\/\/schema.org","@graph":[{"@type":"WebPage","@id":"https:\/\/volcano.com.br\/index.php\/privacy-policy\/","url":"https:\/\/volcano.com.br\/index.php\/privacy-policy\/","name":"Pol\u00edtica de Privacidade - Volcano: Consultoria Empresarial em Intelig\u00eancia Artificial","isPartOf":{"@id":"https:\/\/volcano.com.br\/#website"},"datePublished":"2023-09-13T12:41:45+00:00","dateModified":"2023-09-29T17:26:03+00:00","breadcrumb":{"@id":"https:\/\/volcano.com.br\/index.php\/privacy-policy\/#breadcrumb"},"inLanguage":"pt-BR","potentialAction":[{"@type":"ReadAction","target":["https:\/\/volcano.com.br\/index.php\/privacy-policy\/"]}]},{"@type":"BreadcrumbList","@id":"https:\/\/volcano.com.br\/index.php\/privacy-policy\/#breadcrumb","itemListElement":[{"@type":"ListItem","position":1,"name":"Home","item":"https:\/\/volcano.com.br\/"},{"@type":"ListItem","position":2,"name":"Pol\u00edtica de Privacidade"}]},{"@type":"WebSite","@id":"https:\/\/volcano.com.br\/#website","url":"https:\/\/volcano.com.br\/","name":"Volcano: Consultoria Empresarial em Intelig\u00eancia Artificial","description":"Descubra como nossa consultoria em intelig\u00eancia artificial pode transformar sua empresa. Aumente a efici\u00eancia, otimize processos e impulsione seus resultados.","publisher":{"@id":"https:\/\/volcano.com.br\/#organization"},"potentialAction":[{"@type":"SearchAction","target":{"@type":"EntryPoint","urlTemplate":"https:\/\/volcano.com.br\/?s={search_term_string}"},"query-input":{"@type":"PropertyValueSpecification","valueRequired":true,"valueName":"search_term_string"}}],"inLanguage":"pt-BR"},{"@type":"Organization","@id":"https:\/\/volcano.com.br\/#organization","name":"Volcano: Consultoria Empresarial em Intelig\u00eancia Artificial","url":"https:\/\/volcano.com.br\/","logo":{"@type":"ImageObject","inLanguage":"pt-BR","@id":"https:\/\/volcano.com.br\/#\/schema\/logo\/image\/","url":"https:\/\/volcano.com.br\/wp-content\/uploads\/2025\/04\/volcano-servicos-ia.png","contentUrl":"https:\/\/volcano.com.br\/wp-content\/uploads\/2025\/04\/volcano-servicos-ia.png","width":524,"height":70,"caption":"Volcano: Consultoria Empresarial em Intelig\u00eancia Artificial"},"image":{"@id":"https:\/\/volcano.com.br\/#\/schema\/logo\/image\/"},"sameAs":["https:\/\/www.linkedin.com\/company\/volcano-inc."]}]}},"_links":{"self":[{"href":"https:\/\/volcano.com.br\/index.php\/wp-json\/wp\/v2\/pages\/3","targetHints":{"allow":["GET"]}}],"collection":[{"href":"https:\/\/volcano.com.br\/index.php\/wp-json\/wp\/v2\/pages"}],"about":[{"href":"https:\/\/volcano.com.br\/index.php\/wp-json\/wp\/v2\/types\/page"}],"author":[{"embeddable":true,"href":"https:\/\/volcano.com.br\/index.php\/wp-json\/wp\/v2\/users\/1"}],"replies":[{"embeddable":true,"href":"https:\/\/volcano.com.br\/index.php\/wp-json\/wp\/v2\/comments?post=3"}],"version-history":[{"count":4,"href":"https:\/\/volcano.com.br\/index.php\/wp-json\/wp\/v2\/pages\/3\/revisions"}],"predecessor-version":[{"id":325,"href":"https:\/\/volcano.com.br\/index.php\/wp-json\/wp\/v2\/pages\/3\/revisions\/325"}],"wp:attachment":[{"href":"https:\/\/volcano.com.br\/index.php\/wp-json\/wp\/v2\/media?parent=3"}],"curies":[{"name":"wp","href":"https:\/\/api.w.org\/{rel}","templated":true}]}}