{"id":83,"date":"2020-06-13T05:52:22","date_gmt":"2020-06-13T05:52:22","guid":{"rendered":"https:\/\/volcano.com.br\/index.php\/contact\/"},"modified":"2025-05-14T17:30:12","modified_gmt":"2025-05-14T17:30:12","slug":"contact","status":"publish","type":"page","link":"https:\/\/volcano.com.br\/index.php\/contact\/","title":{"rendered":"Contato"},"content":{"rendered":"\t\t<div data-elementor-type=\"wp-page\" data-elementor-id=\"83\" class=\"elementor elementor-83\" data-elementor-post-type=\"page\">\n\t\t\t\t\t\t<section class=\"elementor-section elementor-top-section elementor-element elementor-element-0f0cb68 elementor-section-height-min-height elementor-section-boxed elementor-section-height-default elementor-section-items-middle\" data-id=\"0f0cb68\" data-element_type=\"section\" data-settings=\"{&quot;background_background&quot;:&quot;classic&quot;}\">\n\t\t\t\t\t\t\t<div class=\"elementor-background-overlay\"><\/div>\n\t\t\t\t\t\t\t<div class=\"elementor-container elementor-column-gap-default\">\n\t\t\t\t\t<div class=\"elementor-column elementor-col-100 elementor-top-column elementor-element elementor-element-df9ebaa\" data-id=\"df9ebaa\" data-element_type=\"column\">\n\t\t\t<div class=\"elementor-widget-wrap elementor-element-populated\">\n\t\t\t\t\t\t<div class=\"elementor-element elementor-element-61eec91 elementor-widget elementor-widget-heading\" data-id=\"61eec91\" data-element_type=\"widget\" data-widget_type=\"heading.default\">\n\t\t\t\t<div class=\"elementor-widget-container\">\n\t\t\t\t\t<h1 class=\"elementor-heading-title elementor-size-default\">Contato Volcano<\/h1>\t\t\t\t<\/div>\n\t\t\t\t<\/div>\n\t\t\t\t<div class=\"elementor-element elementor-element-b81a7a0 elementor-widget elementor-widget-text-editor\" data-id=\"b81a7a0\" data-element_type=\"widget\" data-widget_type=\"text-editor.default\">\n\t\t\t\t<div class=\"elementor-widget-container\">\n\t\t\t\t\t\t\t\t\t<p><strong data-start=\"0\" data-end=\"34\" data-is-only-node=\"\">Entre em Contato com a Volcano<\/strong><br data-start=\"34\" data-end=\"37\" \/>Estamos prontos para ajudar sua empresa a transformar processos, aumentar a efici\u00eancia e inovar com Intelig\u00eancia Artificial. Fale conosco e descubra como nossas solu\u00e7\u00f5es podem impulsionar seu neg\u00f3cio.<\/p>\t\t\t\t\t\t\t\t<\/div>\n\t\t\t\t<\/div>\n\t\t\t\t\t<\/div>\n\t\t<\/div>\n\t\t\t\t\t<\/div>\n\t\t<\/section>\n\t\t\t\t<section class=\"elementor-section elementor-top-section elementor-element elementor-element-ee8561f elementor-section-boxed elementor-section-height-default elementor-section-height-default\" data-id=\"ee8561f\" data-element_type=\"section\" data-settings=\"{&quot;background_background&quot;:&quot;classic&quot;}\">\n\t\t\t\t\t\t\t<div class=\"elementor-background-overlay\"><\/div>\n\t\t\t\t\t\t\t<div class=\"elementor-container elementor-column-gap-default\">\n\t\t\t\t\t<div class=\"elementor-column elementor-col-50 elementor-top-column elementor-element elementor-element-6957bbd\" data-id=\"6957bbd\" data-element_type=\"column\">\n\t\t\t<div class=\"elementor-widget-wrap elementor-element-populated\">\n\t\t\t\t\t\t<section class=\"elementor-section elementor-inner-section elementor-element elementor-element-ea69634 elementor-section-boxed elementor-section-height-default elementor-section-height-default\" data-id=\"ea69634\" data-element_type=\"section\">\n\t\t\t\t\t\t<div class=\"elementor-container elementor-column-gap-default\">\n\t\t\t\t\t<div class=\"elementor-column elementor-col-100 elementor-inner-column elementor-element elementor-element-acbc9c7\" data-id=\"acbc9c7\" data-element_type=\"column\" data-settings=\"{&quot;background_background&quot;:&quot;classic&quot;}\">\n\t\t\t<div class=\"elementor-widget-wrap elementor-element-populated\">\n\t\t\t\t\t\t<div class=\"elementor-element elementor-element-3276292 contato elementor-widget elementor-widget-shortcode\" data-id=\"3276292\" data-element_type=\"widget\" data-widget_type=\"shortcode.default\">\n\t\t\t\t<div class=\"elementor-widget-container\">\n\t\t\t\t\t\t\t<div class=\"elementor-shortcode\">\n<div class=\"wpcf7 no-js\" id=\"wpcf7-f11-o1\" lang=\"pt-BR\" dir=\"ltr\" data-wpcf7-id=\"11\">\n<div class=\"screen-reader-response\"><p role=\"status\" aria-live=\"polite\" aria-atomic=\"true\"><\/p> <ul><\/ul><\/div>\n<form action=\"\/index.php\/wp-json\/wp\/v2\/pages\/83#wpcf7-f11-o1\" method=\"post\" class=\"wpcf7-form init\" aria-label=\"Formul\u00e1rios de contato\" novalidate=\"novalidate\" data-status=\"init\">\n<div style=\"display: none;\">\n<input type=\"hidden\" name=\"_wpcf7\" value=\"11\" \/>\n<input type=\"hidden\" name=\"_wpcf7_version\" value=\"6.0.6\" \/>\n<input type=\"hidden\" name=\"_wpcf7_locale\" value=\"pt_BR\" \/>\n<input type=\"hidden\" name=\"_wpcf7_unit_tag\" value=\"wpcf7-f11-o1\" \/>\n<input type=\"hidden\" name=\"_wpcf7_container_post\" value=\"0\" \/>\n<input type=\"hidden\" name=\"_wpcf7_posted_data_hash\" value=\"\" \/>\n<\/div>\n<div class=\"container mt-4\">\n\t<div class=\"row g-3\">\n\t\t<div class=\"col-md-4\">\n\t\t\t<p><label for=\"your-name\" class=\"form-label\">Seu Nome<\/label><br \/>\n<span class=\"wpcf7-form-control-wrap\" data-name=\"your-name\"><input size=\"40\" maxlength=\"400\" class=\"wpcf7-form-control wpcf7-text wpcf7-validates-as-required form-control\" autocomplete=\"name\" aria-required=\"true\" aria-invalid=\"false\" value=\"\" type=\"text\" name=\"your-name\" \/><\/span>\n\t\t\t<\/p>\n\t\t<\/div>\n\t\t<div class=\"col-md-4\">\n\t\t\t<p><label for=\"your-email\" class=\"form-label\">Seu E-mail<\/label><br \/>\n<span class=\"wpcf7-form-control-wrap\" data-name=\"your-email\"><input size=\"40\" maxlength=\"400\" class=\"wpcf7-form-control wpcf7-email wpcf7-validates-as-required wpcf7-text wpcf7-validates-as-email form-control\" autocomplete=\"email\" aria-required=\"true\" aria-invalid=\"false\" value=\"\" type=\"email\" name=\"your-email\" \/><\/span>\n\t\t\t<\/p>\n\t\t<\/div>\n\t\t<div class=\"col-md-4\">\n\t\t\t<p><label for=\"your-subject\" class=\"form-label\">Assunto<\/label><br \/>\n<span class=\"wpcf7-form-control-wrap\" data-name=\"your-subject\"><input size=\"40\" maxlength=\"400\" class=\"wpcf7-form-control wpcf7-text wpcf7-validates-as-required form-control\" aria-required=\"true\" aria-invalid=\"false\" value=\"\" type=\"text\" name=\"your-subject\" \/><\/span>\n\t\t\t<\/p>\n\t\t<\/div>\n\t\t<div class=\"col-12\">\n\t\t\t<p><label for=\"your-message\" class=\"form-label\">Mensagem (opcional)<\/label><br \/>\n<span class=\"wpcf7-form-control-wrap\" data-name=\"your-message\"><textarea cols=\"40\" rows=\"10\" maxlength=\"2000\" class=\"wpcf7-form-control wpcf7-textarea form-control\" aria-invalid=\"false\" name=\"your-message\"><\/textarea><\/span>\n\t\t\t<\/p>\n\t\t<\/div>\n\t\t<div class=\"col-12 text-center mt-3\">\n\t\t\t<p><input class=\"wpcf7-form-control wpcf7-submit has-spinner\" type=\"submit\" value=\"Enviar\" \/>\n\t\t\t<\/p>\n\t\t<\/div>\n\t<\/div>\n<\/div><p style=\"display: none !important;\" class=\"akismet-fields-container\" data-prefix=\"_wpcf7_ak_\"><label>&#916;<textarea name=\"_wpcf7_ak_hp_textarea\" cols=\"45\" rows=\"8\" maxlength=\"100\"><\/textarea><\/label><input type=\"hidden\" id=\"ak_js_1\" name=\"_wpcf7_ak_js\" value=\"92\"\/><script>document.getElementById( \"ak_js_1\" ).setAttribute( \"value\", ( new Date() ).getTime() );<\/script><\/p><div class=\"wpcf7-response-output\" aria-hidden=\"true\"><\/div>\n<\/form>\n<\/div>\n<\/div>\n\t\t\t\t\t\t<\/div>\n\t\t\t\t<\/div>\n\t\t\t\t\t<\/div>\n\t\t<\/div>\n\t\t\t\t\t<\/div>\n\t\t<\/section>\n\t\t\t\t\t<\/div>\n\t\t<\/div>\n\t\t\t\t<div class=\"elementor-column elementor-col-50 elementor-top-column elementor-element elementor-element-846fb00\" data-id=\"846fb00\" data-element_type=\"column\">\n\t\t\t<div class=\"elementor-widget-wrap elementor-element-populated\">\n\t\t\t\t\t\t<section class=\"elementor-section elementor-inner-section elementor-element elementor-element-fff8d44 elementor-section-boxed elementor-section-height-default elementor-section-height-default\" data-id=\"fff8d44\" data-element_type=\"section\" data-settings=\"{&quot;background_background&quot;:&quot;classic&quot;}\">\n\t\t\t\t\t\t<div class=\"elementor-container elementor-column-gap-default\">\n\t\t\t\t\t<div class=\"elementor-column elementor-col-100 elementor-inner-column elementor-element elementor-element-5b98630\" data-id=\"5b98630\" data-element_type=\"column\">\n\t\t\t<div class=\"elementor-widget-wrap elementor-element-populated\">\n\t\t\t\t\t\t<div class=\"elementor-element elementor-element-4462e30 elementor-position-left elementor-vertical-align-middle elementor-view-default elementor-mobile-position-top elementor-widget elementor-widget-icon-box\" data-id=\"4462e30\" data-element_type=\"widget\" data-widget_type=\"icon-box.default\">\n\t\t\t\t<div class=\"elementor-widget-container\">\n\t\t\t\t\t\t\t<div class=\"elementor-icon-box-wrapper\">\n\n\t\t\t\t\t\t<div class=\"elementor-icon-box-icon\">\n\t\t\t\t<span  class=\"elementor-icon\">\n\t\t\t\t<i aria-hidden=\"true\" class=\"fas fa-phone-alt\"><\/i>\t\t\t\t<\/span>\n\t\t\t<\/div>\n\t\t\t\n\t\t\t\t\t\t<div class=\"elementor-icon-box-content\">\n\n\t\t\t\t\t\t\t\t\t<h3 class=\"elementor-icon-box-title\">\n\t\t\t\t\t\t<span  >\n\t\t\t\t\t\t\t+55 11 99282-2331\t\t\t\t\t\t<\/span>\n\t\t\t\t\t<\/h3>\n\t\t\t\t\n\t\t\t\t\n\t\t\t<\/div>\n\t\t\t\n\t\t<\/div>\n\t\t\t\t\t\t<\/div>\n\t\t\t\t<\/div>\n\t\t\t\t<div class=\"elementor-element elementor-element-a5a38c6 elementor-position-left elementor-vertical-align-middle elementor-view-default elementor-mobile-position-top elementor-widget elementor-widget-icon-box\" data-id=\"a5a38c6\" data-element_type=\"widget\" data-widget_type=\"icon-box.default\">\n\t\t\t\t<div class=\"elementor-widget-container\">\n\t\t\t\t\t\t\t<div class=\"elementor-icon-box-wrapper\">\n\n\t\t\t\t\t\t<div class=\"elementor-icon-box-icon\">\n\t\t\t\t<span  class=\"elementor-icon\">\n\t\t\t\t<i aria-hidden=\"true\" class=\"far fa-envelope\"><\/i>\t\t\t\t<\/span>\n\t\t\t<\/div>\n\t\t\t\n\t\t\t\t\t\t<div class=\"elementor-icon-box-content\">\n\n\t\t\t\t\t\t\t\t\t<h3 class=\"elementor-icon-box-title\">\n\t\t\t\t\t\t<span  >\n\t\t\t\t\t\t\tcontato@volcano.com.br\t\t\t\t\t\t<\/span>\n\t\t\t\t\t<\/h3>\n\t\t\t\t\n\t\t\t\t\n\t\t\t<\/div>\n\t\t\t\n\t\t<\/div>\n\t\t\t\t\t\t<\/div>\n\t\t\t\t<\/div>\n\t\t\t\t<div class=\"elementor-element elementor-element-168b33a elementor-position-left elementor-vertical-align-middle elementor-view-default elementor-mobile-position-top elementor-widget elementor-widget-icon-box\" data-id=\"168b33a\" data-element_type=\"widget\" data-widget_type=\"icon-box.default\">\n\t\t\t\t<div class=\"elementor-widget-container\">\n\t\t\t\t\t\t\t<div class=\"elementor-icon-box-wrapper\">\n\n\t\t\t\t\t\t<div class=\"elementor-icon-box-icon\">\n\t\t\t\t<span  class=\"elementor-icon\">\n\t\t\t\t<i aria-hidden=\"true\" class=\"fas fa-map-marked-alt\"><\/i>\t\t\t\t<\/span>\n\t\t\t<\/div>\n\t\t\t\n\t\t\t\t\t\t<div class=\"elementor-icon-box-content\">\n\n\t\t\t\t\t\t\t\t\t<h3 class=\"elementor-icon-box-title\">\n\t\t\t\t\t\t<span  >\n\t\t\t\t\t\t\tAv. Chibar\u00e1s 257 -  Moema - SP\t\t\t\t\t\t<\/span>\n\t\t\t\t\t<\/h3>\n\t\t\t\t\n\t\t\t\t\n\t\t\t<\/div>\n\t\t\t\n\t\t<\/div>\n\t\t\t\t\t\t<\/div>\n\t\t\t\t<\/div>\n\t\t\t\t\t<\/div>\n\t\t<\/div>\n\t\t\t\t\t<\/div>\n\t\t<\/section>\n\t\t\t\t\t<\/div>\n\t\t<\/div>\n\t\t\t\t\t<\/div>\n\t\t<\/section>\n\t\t\t\t<\/div>\n\t\t","protected":false},"excerpt":{"rendered":"<p>Contato Volcano Entre em Contato com a VolcanoEstamos prontos para ajudar sua empresa a transformar processos, aumentar a efici\u00eancia e inovar com Intelig\u00eancia Artificial. Fale conosco e descubra como nossas solu\u00e7\u00f5es podem impulsionar seu neg\u00f3cio. +55 11 99282-2331 contato@volcano.com.br Av. Chibar\u00e1s 257 &#8211; Moema &#8211; SP<\/p>\n","protected":false},"author":2,"featured_media":0,"parent":0,"menu_order":0,"comment_status":"closed","ping_status":"closed","template":"elementor_theme","meta":{"footnotes":""},"class_list":["post-83","page","type-page","status-publish","hentry"],"yoast_head":"<!-- This site is optimized with the Yoast SEO plugin v25.4 - https:\/\/yoast.com\/wordpress\/plugins\/seo\/ -->\n<title>Contato - Volcano: Consultoria Empresarial em Intelig\u00eancia Artificial<\/title>\n<meta name=\"robots\" content=\"index, follow, max-snippet:-1, max-image-preview:large, max-video-preview:-1\" \/>\n<link rel=\"canonical\" href=\"https:\/\/volcano.com.br\/index.php\/contact\/\" \/>\n<meta property=\"og:locale\" content=\"pt_BR\" \/>\n<meta property=\"og:type\" content=\"article\" \/>\n<meta property=\"og:title\" content=\"Contato - Volcano: Consultoria Empresarial em Intelig\u00eancia Artificial\" \/>\n<meta property=\"og:description\" content=\"Contato Volcano Entre em Contato com a VolcanoEstamos prontos para ajudar sua empresa a transformar processos, aumentar a efici\u00eancia e inovar com Intelig\u00eancia Artificial. Fale conosco e descubra como nossas solu\u00e7\u00f5es podem impulsionar seu neg\u00f3cio. +55 11 99282-2331 contato@volcano.com.br Av. Chibar\u00e1s 257 &#8211; Moema &#8211; SP\" \/>\n<meta property=\"og:url\" content=\"https:\/\/volcano.com.br\/index.php\/contact\/\" \/>\n<meta property=\"og:site_name\" content=\"Volcano: Consultoria Empresarial em Intelig\u00eancia Artificial\" \/>\n<meta property=\"article:modified_time\" content=\"2025-05-14T17:30:12+00:00\" \/>\n<meta property=\"og:image\" content=\"https:\/\/volcano.com.br\/wp-content\/uploads\/2020\/06\/Path-3148.svg\" \/>\n<meta name=\"twitter:card\" content=\"summary_large_image\" \/>\n<meta name=\"twitter:label1\" content=\"Est. tempo de leitura\" \/>\n\t<meta name=\"twitter:data1\" content=\"2 minutos\" \/>\n<script type=\"application\/ld+json\" class=\"yoast-schema-graph\">{\"@context\":\"https:\/\/schema.org\",\"@graph\":[{\"@type\":\"WebPage\",\"@id\":\"https:\/\/volcano.com.br\/index.php\/contact\/\",\"url\":\"https:\/\/volcano.com.br\/index.php\/contact\/\",\"name\":\"Contato - Volcano: Consultoria Empresarial em Intelig\u00eancia Artificial\",\"isPartOf\":{\"@id\":\"https:\/\/volcano.com.br\/#website\"},\"datePublished\":\"2020-06-13T05:52:22+00:00\",\"dateModified\":\"2025-05-14T17:30:12+00:00\",\"breadcrumb\":{\"@id\":\"https:\/\/volcano.com.br\/index.php\/contact\/#breadcrumb\"},\"inLanguage\":\"pt-BR\",\"potentialAction\":[{\"@type\":\"ReadAction\",\"target\":[\"https:\/\/volcano.com.br\/index.php\/contact\/\"]}]},{\"@type\":\"BreadcrumbList\",\"@id\":\"https:\/\/volcano.com.br\/index.php\/contact\/#breadcrumb\",\"itemListElement\":[{\"@type\":\"ListItem\",\"position\":1,\"name\":\"Home\",\"item\":\"https:\/\/volcano.com.br\/\"},{\"@type\":\"ListItem\",\"position\":2,\"name\":\"Contato\"}]},{\"@type\":\"WebSite\",\"@id\":\"https:\/\/volcano.com.br\/#website\",\"url\":\"https:\/\/volcano.com.br\/\",\"name\":\"Volcano: Consultoria Empresarial em Intelig\u00eancia Artificial\",\"description\":\"Descubra como nossa consultoria em intelig\u00eancia artificial pode transformar sua empresa. Aumente a efici\u00eancia, otimize processos e impulsione seus resultados.\",\"publisher\":{\"@id\":\"https:\/\/volcano.com.br\/#organization\"},\"potentialAction\":[{\"@type\":\"SearchAction\",\"target\":{\"@type\":\"EntryPoint\",\"urlTemplate\":\"https:\/\/volcano.com.br\/?s={search_term_string}\"},\"query-input\":{\"@type\":\"PropertyValueSpecification\",\"valueRequired\":true,\"valueName\":\"search_term_string\"}}],\"inLanguage\":\"pt-BR\"},{\"@type\":\"Organization\",\"@id\":\"https:\/\/volcano.com.br\/#organization\",\"name\":\"Volcano: Consultoria Empresarial em Intelig\u00eancia Artificial\",\"url\":\"https:\/\/volcano.com.br\/\",\"logo\":{\"@type\":\"ImageObject\",\"inLanguage\":\"pt-BR\",\"@id\":\"https:\/\/volcano.com.br\/#\/schema\/logo\/image\/\",\"url\":\"https:\/\/volcano.com.br\/wp-content\/uploads\/2025\/04\/volcano-servicos-ia.png\",\"contentUrl\":\"https:\/\/volcano.com.br\/wp-content\/uploads\/2025\/04\/volcano-servicos-ia.png\",\"width\":524,\"height\":70,\"caption\":\"Volcano: Consultoria Empresarial em Intelig\u00eancia Artificial\"},\"image\":{\"@id\":\"https:\/\/volcano.com.br\/#\/schema\/logo\/image\/\"},\"sameAs\":[\"https:\/\/www.linkedin.com\/company\/volcano-inc.\"]}]}<\/script>\n<!-- \/ Yoast SEO plugin. -->","yoast_head_json":{"title":"Contato - Volcano: Consultoria Empresarial em Intelig\u00eancia Artificial","robots":{"index":"index","follow":"follow","max-snippet":"max-snippet:-1","max-image-preview":"max-image-preview:large","max-video-preview":"max-video-preview:-1"},"canonical":"https:\/\/volcano.com.br\/index.php\/contact\/","og_locale":"pt_BR","og_type":"article","og_title":"Contato - Volcano: Consultoria Empresarial em Intelig\u00eancia Artificial","og_description":"Contato Volcano Entre em Contato com a VolcanoEstamos prontos para ajudar sua empresa a transformar processos, aumentar a efici\u00eancia e inovar com Intelig\u00eancia Artificial. Fale conosco e descubra como nossas solu\u00e7\u00f5es podem impulsionar seu neg\u00f3cio. +55 11 99282-2331 contato@volcano.com.br Av. Chibar\u00e1s 257 &#8211; Moema &#8211; SP","og_url":"https:\/\/volcano.com.br\/index.php\/contact\/","og_site_name":"Volcano: Consultoria Empresarial em Intelig\u00eancia Artificial","article_modified_time":"2025-05-14T17:30:12+00:00","og_image":[{"url":"https:\/\/volcano.com.br\/wp-content\/uploads\/2020\/06\/Path-3148.svg","type":"","width":"","height":""}],"twitter_card":"summary_large_image","twitter_misc":{"Est. tempo de leitura":"2 minutos"},"schema":{"@context":"https:\/\/schema.org","@graph":[{"@type":"WebPage","@id":"https:\/\/volcano.com.br\/index.php\/contact\/","url":"https:\/\/volcano.com.br\/index.php\/contact\/","name":"Contato - Volcano: Consultoria Empresarial em Intelig\u00eancia Artificial","isPartOf":{"@id":"https:\/\/volcano.com.br\/#website"},"datePublished":"2020-06-13T05:52:22+00:00","dateModified":"2025-05-14T17:30:12+00:00","breadcrumb":{"@id":"https:\/\/volcano.com.br\/index.php\/contact\/#breadcrumb"},"inLanguage":"pt-BR","potentialAction":[{"@type":"ReadAction","target":["https:\/\/volcano.com.br\/index.php\/contact\/"]}]},{"@type":"BreadcrumbList","@id":"https:\/\/volcano.com.br\/index.php\/contact\/#breadcrumb","itemListElement":[{"@type":"ListItem","position":1,"name":"Home","item":"https:\/\/volcano.com.br\/"},{"@type":"ListItem","position":2,"name":"Contato"}]},{"@type":"WebSite","@id":"https:\/\/volcano.com.br\/#website","url":"https:\/\/volcano.com.br\/","name":"Volcano: Consultoria Empresarial em Intelig\u00eancia Artificial","description":"Descubra como nossa consultoria em intelig\u00eancia artificial pode transformar sua empresa. Aumente a efici\u00eancia, otimize processos e impulsione seus resultados.","publisher":{"@id":"https:\/\/volcano.com.br\/#organization"},"potentialAction":[{"@type":"SearchAction","target":{"@type":"EntryPoint","urlTemplate":"https:\/\/volcano.com.br\/?s={search_term_string}"},"query-input":{"@type":"PropertyValueSpecification","valueRequired":true,"valueName":"search_term_string"}}],"inLanguage":"pt-BR"},{"@type":"Organization","@id":"https:\/\/volcano.com.br\/#organization","name":"Volcano: Consultoria Empresarial em Intelig\u00eancia Artificial","url":"https:\/\/volcano.com.br\/","logo":{"@type":"ImageObject","inLanguage":"pt-BR","@id":"https:\/\/volcano.com.br\/#\/schema\/logo\/image\/","url":"https:\/\/volcano.com.br\/wp-content\/uploads\/2025\/04\/volcano-servicos-ia.png","contentUrl":"https:\/\/volcano.com.br\/wp-content\/uploads\/2025\/04\/volcano-servicos-ia.png","width":524,"height":70,"caption":"Volcano: Consultoria Empresarial em Intelig\u00eancia Artificial"},"image":{"@id":"https:\/\/volcano.com.br\/#\/schema\/logo\/image\/"},"sameAs":["https:\/\/www.linkedin.com\/company\/volcano-inc."]}]}},"_links":{"self":[{"href":"https:\/\/volcano.com.br\/index.php\/wp-json\/wp\/v2\/pages\/83","targetHints":{"allow":["GET"]}}],"collection":[{"href":"https:\/\/volcano.com.br\/index.php\/wp-json\/wp\/v2\/pages"}],"about":[{"href":"https:\/\/volcano.com.br\/index.php\/wp-json\/wp\/v2\/types\/page"}],"author":[{"embeddable":true,"href":"https:\/\/volcano.com.br\/index.php\/wp-json\/wp\/v2\/users\/2"}],"replies":[{"embeddable":true,"href":"https:\/\/volcano.com.br\/index.php\/wp-json\/wp\/v2\/comments?post=83"}],"version-history":[{"count":125,"href":"https:\/\/volcano.com.br\/index.php\/wp-json\/wp\/v2\/pages\/83\/revisions"}],"predecessor-version":[{"id":2366,"href":"https:\/\/volcano.com.br\/index.php\/wp-json\/wp\/v2\/pages\/83\/revisions\/2366"}],"wp:attachment":[{"href":"https:\/\/volcano.com.br\/index.php\/wp-json\/wp\/v2\/media?parent=83"}],"curies":[{"name":"wp","href":"https:\/\/api.w.org\/{rel}","templated":true}]}}