{"id":86,"date":"2020-06-13T05:51:21","date_gmt":"2020-06-13T05:51:21","guid":{"rendered":"https:\/\/volcano.com.br\/index.php\/services\/"},"modified":"2025-05-14T16:42:20","modified_gmt":"2025-05-14T16:42:20","slug":"servicos-de-inteligencia-artificial-para-empresas","status":"publish","type":"page","link":"https:\/\/volcano.com.br\/index.php\/servicos-de-inteligencia-artificial-para-empresas\/","title":{"rendered":"Intelig\u00eancia Artificial para empresas"},"content":{"rendered":"\t\t<div data-elementor-type=\"wp-page\" data-elementor-id=\"86\" class=\"elementor elementor-86\" data-elementor-post-type=\"page\">\n\t\t\t\t\t\t<section class=\"elementor-section elementor-top-section elementor-element elementor-element-42e8716 elementor-section-height-min-height elementor-section-boxed elementor-section-height-default elementor-section-items-middle\" data-id=\"42e8716\" data-element_type=\"section\" data-settings=\"{&quot;background_background&quot;:&quot;classic&quot;}\">\n\t\t\t\t\t\t<div class=\"elementor-container elementor-column-gap-no\">\n\t\t\t\t\t<div class=\"elementor-column elementor-col-100 elementor-top-column elementor-element elementor-element-605c114\" data-id=\"605c114\" data-element_type=\"column\">\n\t\t\t<div class=\"elementor-widget-wrap\">\n\t\t\t\t\t\t\t<\/div>\n\t\t<\/div>\n\t\t\t\t\t<\/div>\n\t\t<\/section>\n\t\t\t\t<section class=\"elementor-section elementor-top-section elementor-element elementor-element-b5dbcf2 elementor-section-full_width elementor-section-height-default elementor-section-height-default elementor-invisible\" data-id=\"b5dbcf2\" data-element_type=\"section\" data-settings=\"{&quot;background_background&quot;:&quot;classic&quot;,&quot;animation&quot;:&quot;fadeIn&quot;}\">\n\t\t\t\t\t\t<div class=\"elementor-container elementor-column-gap-default\">\n\t\t\t\t\t<div class=\"elementor-column elementor-col-100 elementor-top-column elementor-element elementor-element-78bff14\" data-id=\"78bff14\" data-element_type=\"column\">\n\t\t\t<div class=\"elementor-widget-wrap elementor-element-populated\">\n\t\t\t\t\t\t<section class=\"elementor-section elementor-inner-section elementor-element elementor-element-55ee0a3 elementor-section-boxed elementor-section-height-default elementor-section-height-default\" data-id=\"55ee0a3\" data-element_type=\"section\">\n\t\t\t\t\t\t<div class=\"elementor-container elementor-column-gap-default\">\n\t\t\t\t\t<div class=\"elementor-column elementor-col-100 elementor-inner-column elementor-element elementor-element-7eb6169\" data-id=\"7eb6169\" data-element_type=\"column\">\n\t\t\t<div class=\"elementor-widget-wrap elementor-element-populated\">\n\t\t\t\t\t\t<div class=\"elementor-element elementor-element-7c5b564 elementor-widget elementor-widget-heading\" data-id=\"7c5b564\" data-element_type=\"widget\" data-widget_type=\"heading.default\">\n\t\t\t\t<div class=\"elementor-widget-container\">\n\t\t\t\t\t<h1 class=\"elementor-heading-title elementor-size-default\">Transforme seu neg\u00f3cio com intelig\u00eancia artificial e lidere na era digita<\/h1>\t\t\t\t<\/div>\n\t\t\t\t<\/div>\n\t\t\t\t<div class=\"elementor-element elementor-element-c2ea148 elementor-widget elementor-widget-text-editor\" data-id=\"c2ea148\" data-element_type=\"widget\" data-widget_type=\"text-editor.default\">\n\t\t\t\t<div class=\"elementor-widget-container\">\n\t\t\t\t\t\t\t\t\t<p class=\"\" data-start=\"339\" data-end=\"583\">Est\u00e1 pronto para impulsionar os resultados da sua empresa com <strong data-start=\"401\" data-end=\"428\">intelig\u00eancia artificial<\/strong>? A era digital exige inova\u00e7\u00e3o, agilidade e decis\u00f5es baseadas em dados \u2014 e a <strong data-start=\"505\" data-end=\"525\">IA para neg\u00f3cios<\/strong> \u00e9 a chave para alcan\u00e7ar esse novo patamar de performance.<\/p><p class=\"\" data-start=\"585\" data-end=\"914\">Na <strong data-start=\"588\" data-end=\"638\">Volcano Consultoria em Intelig\u00eancia Artificial<\/strong>, ajudamos empresas a implementar <strong data-start=\"672\" data-end=\"697\">solu\u00e7\u00f5es inteligentes<\/strong> que automatizam processos, otimizam opera\u00e7\u00f5es e aumentam a produtividade. Com a IA, voc\u00ea personaliza a experi\u00eancia do cliente, toma decis\u00f5es estrat\u00e9gicas com mais precis\u00e3o e garante vantagem competitiva no seu setor.<\/p><p class=\"\" data-start=\"916\" data-end=\"1171\"><strong data-start=\"916\" data-end=\"965\">N\u00e3o fique para tr\u00e1s na transforma\u00e7\u00e3o digital.<\/strong> Com a Volcano, voc\u00ea deixa de apenas reagir \u00e0s mudan\u00e7as e passa a liderar a inova\u00e7\u00e3o no seu mercado. Use a <strong data-start=\"1072\" data-end=\"1111\">intelig\u00eancia artificial corporativa<\/strong> para crescer de forma sustent\u00e1vel, escal\u00e1vel e inteligente.<\/p><p class=\"\" data-start=\"1173\" data-end=\"1245\">\ud83d\ude80 <strong data-start=\"1176\" data-end=\"1245\">Inove, automatize, escale. O futuro do seu neg\u00f3cio come\u00e7a com IA.<\/strong><\/p>\t\t\t\t\t\t\t\t<\/div>\n\t\t\t\t<\/div>\n\t\t\t\t\t<\/div>\n\t\t<\/div>\n\t\t\t\t\t<\/div>\n\t\t<\/section>\n\t\t\t\t\t<\/div>\n\t\t<\/div>\n\t\t\t\t\t<\/div>\n\t\t<\/section>\n\t\t\t\t<\/div>\n\t\t","protected":false},"excerpt":{"rendered":"<p>Transforme seu neg\u00f3cio com intelig\u00eancia artificial e lidere na era digita Est\u00e1 pronto para impulsionar os resultados da sua empresa com intelig\u00eancia artificial? A era digital exige inova\u00e7\u00e3o, agilidade e decis\u00f5es baseadas em dados \u2014 e a IA para neg\u00f3cios \u00e9 a chave para alcan\u00e7ar esse novo patamar de performance. Na Volcano Consultoria em Intelig\u00eancia [&hellip;]<\/p>\n","protected":false},"author":2,"featured_media":0,"parent":0,"menu_order":0,"comment_status":"closed","ping_status":"closed","template":"","meta":{"footnotes":""},"class_list":["post-86","page","type-page","status-publish","hentry"],"yoast_head":"<!-- This site is optimized with the Yoast SEO plugin v25.4 - https:\/\/yoast.com\/wordpress\/plugins\/seo\/ -->\n<title>Servi\u00e7os de Intelig\u00eancia Artificial para empresas<\/title>\n<meta name=\"description\" content=\"Descubra como a Volcano Consultoria Empresarial em Intelig\u00eancia Artificial pode transformar sua empresa com solu\u00e7\u00f5es personalizadas em IA, incluindo workshops, design de produtos e otimiza\u00e7\u00e3o de processos.\" \/>\n<meta name=\"robots\" content=\"index, follow, max-snippet:-1, max-image-preview:large, max-video-preview:-1\" \/>\n<link rel=\"canonical\" href=\"https:\/\/volcano.com.br\/index.php\/servicos-de-inteligencia-artificial-para-empresas\/\" \/>\n<meta property=\"og:locale\" content=\"pt_BR\" \/>\n<meta property=\"og:type\" content=\"article\" \/>\n<meta property=\"og:title\" content=\"Servi\u00e7os de Intelig\u00eancia Artificial para empresas\" \/>\n<meta property=\"og:description\" content=\"Descubra como a Volcano Consultoria Empresarial em Intelig\u00eancia Artificial pode transformar sua empresa com solu\u00e7\u00f5es personalizadas em IA, incluindo workshops, design de produtos e otimiza\u00e7\u00e3o de processos.\" \/>\n<meta property=\"og:url\" content=\"https:\/\/volcano.com.br\/index.php\/servicos-de-inteligencia-artificial-para-empresas\/\" \/>\n<meta property=\"og:site_name\" content=\"Volcano: Consultoria Empresarial em Intelig\u00eancia Artificial\" \/>\n<meta property=\"article:modified_time\" content=\"2025-05-14T16:42:20+00:00\" \/>\n<meta property=\"og:image\" content=\"https:\/\/volcano.com.br\/wp-content\/uploads\/2020\/06\/Group-39.svg\" \/>\n<meta name=\"twitter:card\" content=\"summary_large_image\" \/>\n<meta name=\"twitter:label1\" content=\"Est. tempo de leitura\" \/>\n\t<meta name=\"twitter:data1\" content=\"5 minutos\" \/>\n<script type=\"application\/ld+json\" class=\"yoast-schema-graph\">{\"@context\":\"https:\/\/schema.org\",\"@graph\":[{\"@type\":\"WebPage\",\"@id\":\"https:\/\/volcano.com.br\/index.php\/servicos-de-inteligencia-artificial-para-empresas\/\",\"url\":\"https:\/\/volcano.com.br\/index.php\/servicos-de-inteligencia-artificial-para-empresas\/\",\"name\":\"Servi\u00e7os de Intelig\u00eancia Artificial para empresas\",\"isPartOf\":{\"@id\":\"https:\/\/volcano.com.br\/#website\"},\"datePublished\":\"2020-06-13T05:51:21+00:00\",\"dateModified\":\"2025-05-14T16:42:20+00:00\",\"description\":\"Descubra como a Volcano Consultoria Empresarial em Intelig\u00eancia Artificial pode transformar sua empresa com solu\u00e7\u00f5es personalizadas em IA, incluindo workshops, design de produtos e otimiza\u00e7\u00e3o de processos.\",\"breadcrumb\":{\"@id\":\"https:\/\/volcano.com.br\/index.php\/servicos-de-inteligencia-artificial-para-empresas\/#breadcrumb\"},\"inLanguage\":\"pt-BR\",\"potentialAction\":[{\"@type\":\"ReadAction\",\"target\":[\"https:\/\/volcano.com.br\/index.php\/servicos-de-inteligencia-artificial-para-empresas\/\"]}]},{\"@type\":\"BreadcrumbList\",\"@id\":\"https:\/\/volcano.com.br\/index.php\/servicos-de-inteligencia-artificial-para-empresas\/#breadcrumb\",\"itemListElement\":[{\"@type\":\"ListItem\",\"position\":1,\"name\":\"Home\",\"item\":\"https:\/\/volcano.com.br\/\"},{\"@type\":\"ListItem\",\"position\":2,\"name\":\"Intelig\u00eancia Artificial para empresas\"}]},{\"@type\":\"WebSite\",\"@id\":\"https:\/\/volcano.com.br\/#website\",\"url\":\"https:\/\/volcano.com.br\/\",\"name\":\"Volcano: Consultoria Empresarial em Intelig\u00eancia Artificial\",\"description\":\"Descubra como nossa consultoria em intelig\u00eancia artificial pode transformar sua empresa. Aumente a efici\u00eancia, otimize processos e impulsione seus resultados.\",\"publisher\":{\"@id\":\"https:\/\/volcano.com.br\/#organization\"},\"potentialAction\":[{\"@type\":\"SearchAction\",\"target\":{\"@type\":\"EntryPoint\",\"urlTemplate\":\"https:\/\/volcano.com.br\/?s={search_term_string}\"},\"query-input\":{\"@type\":\"PropertyValueSpecification\",\"valueRequired\":true,\"valueName\":\"search_term_string\"}}],\"inLanguage\":\"pt-BR\"},{\"@type\":\"Organization\",\"@id\":\"https:\/\/volcano.com.br\/#organization\",\"name\":\"Volcano: Consultoria Empresarial em Intelig\u00eancia Artificial\",\"url\":\"https:\/\/volcano.com.br\/\",\"logo\":{\"@type\":\"ImageObject\",\"inLanguage\":\"pt-BR\",\"@id\":\"https:\/\/volcano.com.br\/#\/schema\/logo\/image\/\",\"url\":\"https:\/\/volcano.com.br\/wp-content\/uploads\/2025\/04\/volcano-servicos-ia.png\",\"contentUrl\":\"https:\/\/volcano.com.br\/wp-content\/uploads\/2025\/04\/volcano-servicos-ia.png\",\"width\":524,\"height\":70,\"caption\":\"Volcano: Consultoria Empresarial em Intelig\u00eancia Artificial\"},\"image\":{\"@id\":\"https:\/\/volcano.com.br\/#\/schema\/logo\/image\/\"},\"sameAs\":[\"https:\/\/www.linkedin.com\/company\/volcano-inc.\"]}]}<\/script>\n<!-- \/ Yoast SEO plugin. -->","yoast_head_json":{"title":"Servi\u00e7os de Intelig\u00eancia Artificial para empresas","description":"Descubra como a Volcano Consultoria Empresarial em Intelig\u00eancia Artificial pode transformar sua empresa com solu\u00e7\u00f5es personalizadas em IA, incluindo workshops, design de produtos e otimiza\u00e7\u00e3o de processos.","robots":{"index":"index","follow":"follow","max-snippet":"max-snippet:-1","max-image-preview":"max-image-preview:large","max-video-preview":"max-video-preview:-1"},"canonical":"https:\/\/volcano.com.br\/index.php\/servicos-de-inteligencia-artificial-para-empresas\/","og_locale":"pt_BR","og_type":"article","og_title":"Servi\u00e7os de Intelig\u00eancia Artificial para empresas","og_description":"Descubra como a Volcano Consultoria Empresarial em Intelig\u00eancia Artificial pode transformar sua empresa com solu\u00e7\u00f5es personalizadas em IA, incluindo workshops, design de produtos e otimiza\u00e7\u00e3o de processos.","og_url":"https:\/\/volcano.com.br\/index.php\/servicos-de-inteligencia-artificial-para-empresas\/","og_site_name":"Volcano: Consultoria Empresarial em Intelig\u00eancia Artificial","article_modified_time":"2025-05-14T16:42:20+00:00","og_image":[{"url":"https:\/\/volcano.com.br\/wp-content\/uploads\/2020\/06\/Group-39.svg","type":"","width":"","height":""}],"twitter_card":"summary_large_image","twitter_misc":{"Est. tempo de leitura":"5 minutos"},"schema":{"@context":"https:\/\/schema.org","@graph":[{"@type":"WebPage","@id":"https:\/\/volcano.com.br\/index.php\/servicos-de-inteligencia-artificial-para-empresas\/","url":"https:\/\/volcano.com.br\/index.php\/servicos-de-inteligencia-artificial-para-empresas\/","name":"Servi\u00e7os de Intelig\u00eancia Artificial para empresas","isPartOf":{"@id":"https:\/\/volcano.com.br\/#website"},"datePublished":"2020-06-13T05:51:21+00:00","dateModified":"2025-05-14T16:42:20+00:00","description":"Descubra como a Volcano Consultoria Empresarial em Intelig\u00eancia Artificial pode transformar sua empresa com solu\u00e7\u00f5es personalizadas em IA, incluindo workshops, design de produtos e otimiza\u00e7\u00e3o de processos.","breadcrumb":{"@id":"https:\/\/volcano.com.br\/index.php\/servicos-de-inteligencia-artificial-para-empresas\/#breadcrumb"},"inLanguage":"pt-BR","potentialAction":[{"@type":"ReadAction","target":["https:\/\/volcano.com.br\/index.php\/servicos-de-inteligencia-artificial-para-empresas\/"]}]},{"@type":"BreadcrumbList","@id":"https:\/\/volcano.com.br\/index.php\/servicos-de-inteligencia-artificial-para-empresas\/#breadcrumb","itemListElement":[{"@type":"ListItem","position":1,"name":"Home","item":"https:\/\/volcano.com.br\/"},{"@type":"ListItem","position":2,"name":"Intelig\u00eancia Artificial para empresas"}]},{"@type":"WebSite","@id":"https:\/\/volcano.com.br\/#website","url":"https:\/\/volcano.com.br\/","name":"Volcano: Consultoria Empresarial em Intelig\u00eancia Artificial","description":"Descubra como nossa consultoria em intelig\u00eancia artificial pode transformar sua empresa. Aumente a efici\u00eancia, otimize processos e impulsione seus resultados.","publisher":{"@id":"https:\/\/volcano.com.br\/#organization"},"potentialAction":[{"@type":"SearchAction","target":{"@type":"EntryPoint","urlTemplate":"https:\/\/volcano.com.br\/?s={search_term_string}"},"query-input":{"@type":"PropertyValueSpecification","valueRequired":true,"valueName":"search_term_string"}}],"inLanguage":"pt-BR"},{"@type":"Organization","@id":"https:\/\/volcano.com.br\/#organization","name":"Volcano: Consultoria Empresarial em Intelig\u00eancia Artificial","url":"https:\/\/volcano.com.br\/","logo":{"@type":"ImageObject","inLanguage":"pt-BR","@id":"https:\/\/volcano.com.br\/#\/schema\/logo\/image\/","url":"https:\/\/volcano.com.br\/wp-content\/uploads\/2025\/04\/volcano-servicos-ia.png","contentUrl":"https:\/\/volcano.com.br\/wp-content\/uploads\/2025\/04\/volcano-servicos-ia.png","width":524,"height":70,"caption":"Volcano: Consultoria Empresarial em Intelig\u00eancia Artificial"},"image":{"@id":"https:\/\/volcano.com.br\/#\/schema\/logo\/image\/"},"sameAs":["https:\/\/www.linkedin.com\/company\/volcano-inc."]}]}},"_links":{"self":[{"href":"https:\/\/volcano.com.br\/index.php\/wp-json\/wp\/v2\/pages\/86","targetHints":{"allow":["GET"]}}],"collection":[{"href":"https:\/\/volcano.com.br\/index.php\/wp-json\/wp\/v2\/pages"}],"about":[{"href":"https:\/\/volcano.com.br\/index.php\/wp-json\/wp\/v2\/types\/page"}],"author":[{"embeddable":true,"href":"https:\/\/volcano.com.br\/index.php\/wp-json\/wp\/v2\/users\/2"}],"replies":[{"embeddable":true,"href":"https:\/\/volcano.com.br\/index.php\/wp-json\/wp\/v2\/comments?post=86"}],"version-history":[{"count":138,"href":"https:\/\/volcano.com.br\/index.php\/wp-json\/wp\/v2\/pages\/86\/revisions"}],"predecessor-version":[{"id":2287,"href":"https:\/\/volcano.com.br\/index.php\/wp-json\/wp\/v2\/pages\/86\/revisions\/2287"}],"wp:attachment":[{"href":"https:\/\/volcano.com.br\/index.php\/wp-json\/wp\/v2\/media?parent=86"}],"curies":[{"name":"wp","href":"https:\/\/api.w.org\/{rel}","templated":true}]}}