{"id":87,"date":"2020-06-13T05:50:59","date_gmt":"2020-06-13T05:50:59","guid":{"rendered":"https:\/\/volcano.com.br\/index.php\/about\/"},"modified":"2025-05-14T16:42:39","modified_gmt":"2025-05-14T16:42:39","slug":"about","status":"publish","type":"page","link":"https:\/\/volcano.com.br\/index.php\/about\/","title":{"rendered":"Volcano"},"content":{"rendered":"\t\t<div data-elementor-type=\"wp-page\" data-elementor-id=\"87\" class=\"elementor elementor-87\" data-elementor-post-type=\"page\">\n\t\t\t\t\t\t<section class=\"elementor-section elementor-top-section elementor-element elementor-element-c89a428 elementor-section-height-min-height elementor-section-boxed elementor-section-height-default elementor-section-items-middle\" data-id=\"c89a428\" data-element_type=\"section\" data-settings=\"{&quot;background_background&quot;:&quot;classic&quot;}\">\n\t\t\t\t\t\t<div class=\"elementor-container elementor-column-gap-default\">\n\t\t\t\t\t<div class=\"elementor-column elementor-col-100 elementor-top-column elementor-element elementor-element-7b9ab7e\" data-id=\"7b9ab7e\" data-element_type=\"column\">\n\t\t\t<div class=\"elementor-widget-wrap\">\n\t\t\t\t\t\t\t<\/div>\n\t\t<\/div>\n\t\t\t\t\t<\/div>\n\t\t<\/section>\n\t\t\t\t<section class=\"elementor-section elementor-top-section elementor-element elementor-element-7272c90 elementor-section-boxed elementor-section-height-default elementor-section-height-default\" data-id=\"7272c90\" data-element_type=\"section\">\n\t\t\t\t\t\t<div class=\"elementor-container elementor-column-gap-default\">\n\t\t\t\t\t<div class=\"elementor-column elementor-col-100 elementor-top-column elementor-element elementor-element-dab8a7d\" data-id=\"dab8a7d\" data-element_type=\"column\">\n\t\t\t<div class=\"elementor-widget-wrap elementor-element-populated\">\n\t\t\t\t\t\t<div class=\"elementor-element elementor-element-9b41fbe elementor-widget elementor-widget-heading\" data-id=\"9b41fbe\" data-element_type=\"widget\" data-widget_type=\"heading.default\">\n\t\t\t\t<div class=\"elementor-widget-container\">\n\t\t\t\t\t<h1 class=\"elementor-heading-title elementor-size-default\">Intelig\u00eancia Artificial Estrat\u00e9gica e Mentoria Executiva para Empresas<\/h1>\t\t\t\t<\/div>\n\t\t\t\t<\/div>\n\t\t\t\t<div class=\"elementor-element elementor-element-42a50be elementor-widget elementor-widget-text-editor\" data-id=\"42a50be\" data-element_type=\"widget\" data-widget_type=\"text-editor.default\">\n\t\t\t\t<div class=\"elementor-widget-container\">\n\t\t\t\t\t\t\t\t\t<p>Na Volcano, transformamos inova\u00e7\u00e3o em resultados. Com mais de 24 anos de experi\u00eancia em consultoria estrat\u00e9gica, gest\u00e3o de startups e desenvolvimento de solu\u00e7\u00f5es de Intelig\u00eancia Artificial, ajudamos empresas a crescer, inovar e se adaptar \u00e0s demandas do mercado. Nossa experi\u00eancia \u00e9 o diferencial que garante resultados pr\u00e1ticos e mensur\u00e1veis para o seu neg\u00f3cio.<\/p><p>Somos mais do que uma consultoria \u2013 somos parceiros estrat\u00e9gicos. Nossa trajet\u00f3ria inclui a capta\u00e7\u00e3o de mais de 3 milh\u00f5es de d\u00f3lares em investimentos, a lideran\u00e7a de startups que alcan\u00e7aram faturamentos milion\u00e1rios e o desenvolvimento de tecnologias que revolucionaram setores inteiros. Empresas como TrackingPeople, Econoclick e Smartfarma s\u00e3o exemplos de neg\u00f3cios transformados pela nossa expertise.<\/p><p>Nossa experi\u00eancia pr\u00e1tica em gest\u00e3o empresarial e inova\u00e7\u00e3o nos permite entender o que realmente importa para os empres\u00e1rios: resultados concretos. Desenvolvemos solu\u00e7\u00f5es de Intelig\u00eancia Artificial que n\u00e3o apenas automatizam processos, mas transformam a tomada de decis\u00e3o, otimizam opera\u00e7\u00f5es e aumentam a competitividade.<\/p><ul><li><strong>Consultoria Estrat\u00e9gica em IA:<\/strong> Identificamos oportunidades para integrar IA de forma eficiente e lucrativa ao seu neg\u00f3cio.<\/li><li><strong>Desenvolvimento de Solu\u00e7\u00f5es de IA:<\/strong> Criamos ferramentas personalizadas que resolvem problemas reais, desde automa\u00e7\u00e3o at\u00e9 an\u00e1lise de dados.<\/li><li><strong>Implementa\u00e7\u00e3o Inteligente:<\/strong> Garantimos que as solu\u00e7\u00f5es sejam aplicadas de forma segura e eficaz, maximizando o retorno.<\/li><li><strong>Palestras e Workshops:<\/strong> Capacite sua equipe com o conhecimento mais atualizado em Intelig\u00eancia Artificial.<\/li><li><strong>Mentoria Executiva:<\/strong> Apoiamos l\u00edderes e gestores no desenvolvimento de estrat\u00e9gias inovadoras, ajudando a enfrentar desafios e alcan\u00e7ar resultados expressivos.<\/li><\/ul><p>\u00a0<\/p><p>Empres\u00e1rios que desejam inovar e crescer sabem que a experi\u00eancia faz toda a diferen\u00e7a. Na Volcano, aplicamos nossa experi\u00eancia em gest\u00e3o estrat\u00e9gica e inova\u00e7\u00e3o tecnol\u00f3gica para ajudar sua empresa a alcan\u00e7ar novos patamares.<\/p><p>Pronto para transformar o futuro do seu neg\u00f3cio com Intelig\u00eancia Artificial e Mentoria Executiva? Fale com a Volcano. \ud83d\ude80<\/p>\t\t\t\t\t\t\t\t<\/div>\n\t\t\t\t<\/div>\n\t\t\t\t\t<\/div>\n\t\t<\/div>\n\t\t\t\t\t<\/div>\n\t\t<\/section>\n\t\t\t\t<\/div>\n\t\t","protected":false},"excerpt":{"rendered":"<p>Intelig\u00eancia Artificial Estrat\u00e9gica e Mentoria Executiva para Empresas Na Volcano, transformamos inova\u00e7\u00e3o em resultados. Com mais de 24 anos de experi\u00eancia em consultoria estrat\u00e9gica, gest\u00e3o de startups e desenvolvimento de solu\u00e7\u00f5es de Intelig\u00eancia Artificial, ajudamos empresas a crescer, inovar e se adaptar \u00e0s demandas do mercado. Nossa experi\u00eancia \u00e9 o diferencial que garante resultados pr\u00e1ticos [&hellip;]<\/p>\n","protected":false},"author":2,"featured_media":0,"parent":0,"menu_order":0,"comment_status":"closed","ping_status":"closed","template":"","meta":{"footnotes":""},"class_list":["post-87","page","type-page","status-publish","hentry"],"yoast_head":"<!-- This site is optimized with the Yoast SEO plugin v25.4 - https:\/\/yoast.com\/wordpress\/plugins\/seo\/ -->\n<title>Volcano - Volcano: Consultoria Empresarial em Intelig\u00eancia Artificial<\/title>\n<meta name=\"robots\" content=\"index, follow, max-snippet:-1, max-image-preview:large, max-video-preview:-1\" \/>\n<link rel=\"canonical\" href=\"https:\/\/volcano.com.br\/index.php\/about\/\" \/>\n<meta property=\"og:locale\" content=\"pt_BR\" \/>\n<meta property=\"og:type\" content=\"article\" \/>\n<meta property=\"og:title\" content=\"Volcano - Volcano: Consultoria Empresarial em Intelig\u00eancia Artificial\" \/>\n<meta property=\"og:description\" content=\"Intelig\u00eancia Artificial Estrat\u00e9gica e Mentoria Executiva para Empresas Na Volcano, transformamos inova\u00e7\u00e3o em resultados. Com mais de 24 anos de experi\u00eancia em consultoria estrat\u00e9gica, gest\u00e3o de startups e desenvolvimento de solu\u00e7\u00f5es de Intelig\u00eancia Artificial, ajudamos empresas a crescer, inovar e se adaptar \u00e0s demandas do mercado. Nossa experi\u00eancia \u00e9 o diferencial que garante resultados pr\u00e1ticos [&hellip;]\" \/>\n<meta property=\"og:url\" content=\"https:\/\/volcano.com.br\/index.php\/about\/\" \/>\n<meta property=\"og:site_name\" content=\"Volcano: Consultoria Empresarial em Intelig\u00eancia Artificial\" \/>\n<meta property=\"article:modified_time\" content=\"2025-05-14T16:42:39+00:00\" \/>\n<meta property=\"og:image\" content=\"https:\/\/volcano.com.br\/wp-content\/uploads\/2025\/04\/volcano-servicos-AI.png\" \/>\n<meta name=\"twitter:card\" content=\"summary_large_image\" \/>\n<meta name=\"twitter:label1\" content=\"Est. tempo de leitura\" \/>\n\t<meta name=\"twitter:data1\" content=\"2 minutos\" \/>\n<script type=\"application\/ld+json\" class=\"yoast-schema-graph\">{\"@context\":\"https:\/\/schema.org\",\"@graph\":[{\"@type\":\"WebPage\",\"@id\":\"https:\/\/volcano.com.br\/index.php\/about\/\",\"url\":\"https:\/\/volcano.com.br\/index.php\/about\/\",\"name\":\"Volcano - Volcano: Consultoria Empresarial em Intelig\u00eancia Artificial\",\"isPartOf\":{\"@id\":\"https:\/\/volcano.com.br\/#website\"},\"datePublished\":\"2020-06-13T05:50:59+00:00\",\"dateModified\":\"2025-05-14T16:42:39+00:00\",\"breadcrumb\":{\"@id\":\"https:\/\/volcano.com.br\/index.php\/about\/#breadcrumb\"},\"inLanguage\":\"pt-BR\",\"potentialAction\":[{\"@type\":\"ReadAction\",\"target\":[\"https:\/\/volcano.com.br\/index.php\/about\/\"]}]},{\"@type\":\"BreadcrumbList\",\"@id\":\"https:\/\/volcano.com.br\/index.php\/about\/#breadcrumb\",\"itemListElement\":[{\"@type\":\"ListItem\",\"position\":1,\"name\":\"Home\",\"item\":\"https:\/\/volcano.com.br\/\"},{\"@type\":\"ListItem\",\"position\":2,\"name\":\"Volcano\"}]},{\"@type\":\"WebSite\",\"@id\":\"https:\/\/volcano.com.br\/#website\",\"url\":\"https:\/\/volcano.com.br\/\",\"name\":\"Volcano: Consultoria Empresarial em Intelig\u00eancia Artificial\",\"description\":\"Descubra como nossa consultoria em intelig\u00eancia artificial pode transformar sua empresa. Aumente a efici\u00eancia, otimize processos e impulsione seus resultados.\",\"publisher\":{\"@id\":\"https:\/\/volcano.com.br\/#organization\"},\"potentialAction\":[{\"@type\":\"SearchAction\",\"target\":{\"@type\":\"EntryPoint\",\"urlTemplate\":\"https:\/\/volcano.com.br\/?s={search_term_string}\"},\"query-input\":{\"@type\":\"PropertyValueSpecification\",\"valueRequired\":true,\"valueName\":\"search_term_string\"}}],\"inLanguage\":\"pt-BR\"},{\"@type\":\"Organization\",\"@id\":\"https:\/\/volcano.com.br\/#organization\",\"name\":\"Volcano: Consultoria Empresarial em Intelig\u00eancia Artificial\",\"url\":\"https:\/\/volcano.com.br\/\",\"logo\":{\"@type\":\"ImageObject\",\"inLanguage\":\"pt-BR\",\"@id\":\"https:\/\/volcano.com.br\/#\/schema\/logo\/image\/\",\"url\":\"https:\/\/volcano.com.br\/wp-content\/uploads\/2025\/04\/volcano-servicos-ia.png\",\"contentUrl\":\"https:\/\/volcano.com.br\/wp-content\/uploads\/2025\/04\/volcano-servicos-ia.png\",\"width\":524,\"height\":70,\"caption\":\"Volcano: Consultoria Empresarial em Intelig\u00eancia Artificial\"},\"image\":{\"@id\":\"https:\/\/volcano.com.br\/#\/schema\/logo\/image\/\"},\"sameAs\":[\"https:\/\/www.linkedin.com\/company\/volcano-inc.\"]}]}<\/script>\n<!-- \/ Yoast SEO plugin. -->","yoast_head_json":{"title":"Volcano - Volcano: Consultoria Empresarial em Intelig\u00eancia Artificial","robots":{"index":"index","follow":"follow","max-snippet":"max-snippet:-1","max-image-preview":"max-image-preview:large","max-video-preview":"max-video-preview:-1"},"canonical":"https:\/\/volcano.com.br\/index.php\/about\/","og_locale":"pt_BR","og_type":"article","og_title":"Volcano - Volcano: Consultoria Empresarial em Intelig\u00eancia Artificial","og_description":"Intelig\u00eancia Artificial Estrat\u00e9gica e Mentoria Executiva para Empresas Na Volcano, transformamos inova\u00e7\u00e3o em resultados. Com mais de 24 anos de experi\u00eancia em consultoria estrat\u00e9gica, gest\u00e3o de startups e desenvolvimento de solu\u00e7\u00f5es de Intelig\u00eancia Artificial, ajudamos empresas a crescer, inovar e se adaptar \u00e0s demandas do mercado. Nossa experi\u00eancia \u00e9 o diferencial que garante resultados pr\u00e1ticos [&hellip;]","og_url":"https:\/\/volcano.com.br\/index.php\/about\/","og_site_name":"Volcano: Consultoria Empresarial em Intelig\u00eancia Artificial","article_modified_time":"2025-05-14T16:42:39+00:00","og_image":[{"url":"https:\/\/volcano.com.br\/wp-content\/uploads\/2025\/04\/volcano-servicos-AI.png","type":"","width":"","height":""}],"twitter_card":"summary_large_image","twitter_misc":{"Est. tempo de leitura":"2 minutos"},"schema":{"@context":"https:\/\/schema.org","@graph":[{"@type":"WebPage","@id":"https:\/\/volcano.com.br\/index.php\/about\/","url":"https:\/\/volcano.com.br\/index.php\/about\/","name":"Volcano - Volcano: Consultoria Empresarial em Intelig\u00eancia Artificial","isPartOf":{"@id":"https:\/\/volcano.com.br\/#website"},"datePublished":"2020-06-13T05:50:59+00:00","dateModified":"2025-05-14T16:42:39+00:00","breadcrumb":{"@id":"https:\/\/volcano.com.br\/index.php\/about\/#breadcrumb"},"inLanguage":"pt-BR","potentialAction":[{"@type":"ReadAction","target":["https:\/\/volcano.com.br\/index.php\/about\/"]}]},{"@type":"BreadcrumbList","@id":"https:\/\/volcano.com.br\/index.php\/about\/#breadcrumb","itemListElement":[{"@type":"ListItem","position":1,"name":"Home","item":"https:\/\/volcano.com.br\/"},{"@type":"ListItem","position":2,"name":"Volcano"}]},{"@type":"WebSite","@id":"https:\/\/volcano.com.br\/#website","url":"https:\/\/volcano.com.br\/","name":"Volcano: Consultoria Empresarial em Intelig\u00eancia Artificial","description":"Descubra como nossa consultoria em intelig\u00eancia artificial pode transformar sua empresa. Aumente a efici\u00eancia, otimize processos e impulsione seus resultados.","publisher":{"@id":"https:\/\/volcano.com.br\/#organization"},"potentialAction":[{"@type":"SearchAction","target":{"@type":"EntryPoint","urlTemplate":"https:\/\/volcano.com.br\/?s={search_term_string}"},"query-input":{"@type":"PropertyValueSpecification","valueRequired":true,"valueName":"search_term_string"}}],"inLanguage":"pt-BR"},{"@type":"Organization","@id":"https:\/\/volcano.com.br\/#organization","name":"Volcano: Consultoria Empresarial em Intelig\u00eancia Artificial","url":"https:\/\/volcano.com.br\/","logo":{"@type":"ImageObject","inLanguage":"pt-BR","@id":"https:\/\/volcano.com.br\/#\/schema\/logo\/image\/","url":"https:\/\/volcano.com.br\/wp-content\/uploads\/2025\/04\/volcano-servicos-ia.png","contentUrl":"https:\/\/volcano.com.br\/wp-content\/uploads\/2025\/04\/volcano-servicos-ia.png","width":524,"height":70,"caption":"Volcano: Consultoria Empresarial em Intelig\u00eancia Artificial"},"image":{"@id":"https:\/\/volcano.com.br\/#\/schema\/logo\/image\/"},"sameAs":["https:\/\/www.linkedin.com\/company\/volcano-inc."]}]}},"_links":{"self":[{"href":"https:\/\/volcano.com.br\/index.php\/wp-json\/wp\/v2\/pages\/87","targetHints":{"allow":["GET"]}}],"collection":[{"href":"https:\/\/volcano.com.br\/index.php\/wp-json\/wp\/v2\/pages"}],"about":[{"href":"https:\/\/volcano.com.br\/index.php\/wp-json\/wp\/v2\/types\/page"}],"author":[{"embeddable":true,"href":"https:\/\/volcano.com.br\/index.php\/wp-json\/wp\/v2\/users\/2"}],"replies":[{"embeddable":true,"href":"https:\/\/volcano.com.br\/index.php\/wp-json\/wp\/v2\/comments?post=87"}],"version-history":[{"count":53,"href":"https:\/\/volcano.com.br\/index.php\/wp-json\/wp\/v2\/pages\/87\/revisions"}],"predecessor-version":[{"id":2290,"href":"https:\/\/volcano.com.br\/index.php\/wp-json\/wp\/v2\/pages\/87\/revisions\/2290"}],"wp:attachment":[{"href":"https:\/\/volcano.com.br\/index.php\/wp-json\/wp\/v2\/media?parent=87"}],"curies":[{"name":"wp","href":"https:\/\/api.w.org\/{rel}","templated":true}]}}